{"id":3426,"date":"2020-08-04T13:10:17","date_gmt":"2020-08-04T12:10:17","guid":{"rendered":"http:\/\/important-driving.flywheelsites.com\/?page_id=3426"},"modified":"2023-10-05T19:02:09","modified_gmt":"2023-10-05T18:02:09","slug":"landing-fr","status":"publish","type":"page","link":"https:\/\/vikingcloudprotect.com\/fr\/","title":{"rendered":"Landing FR"},"content":{"rendered":"","protected":false},"excerpt":{"rendered":"","protected":false},"author":2,"featured_media":0,"parent":0,"menu_order":0,"comment_status":"closed","ping_status":"closed","template":"new-page.php","meta":{"footnotes":""},"class_list":["post-3426","page","type-page","status-publish","hentry"],"acf":[],"yoast_head":"<!-- This site is optimized with the Yoast SEO plugin v24.1 - https:\/\/yoast.com\/wordpress\/plugins\/seo\/ -->\n<title>VikingCloud Protect | Prot\u00e9gez Votre Entreprise<\/title>\n<meta name=\"description\" content=\"VikingCloud Protect est une application de r\u00e9f\u00e9rence pour la gestion de la conformit\u00e9 et de la s\u00e9curit\u00e9 des donn\u00e9es.\" \/>\n<meta name=\"robots\" content=\"index, follow, max-snippet:-1, max-image-preview:large, max-video-preview:-1\" \/>\n<link rel=\"canonical\" href=\"https:\/\/vikingcloudprotect.com\/fr\/\" \/>\n<meta property=\"og:locale\" content=\"fr_FR\" \/>\n<meta property=\"og:type\" content=\"article\" \/>\n<meta property=\"og:title\" content=\"VikingCloud Protect | Prot\u00e9gez Votre Entreprise\" \/>\n<meta property=\"og:description\" content=\"VikingCloud Protect est une application de r\u00e9f\u00e9rence pour la gestion de la conformit\u00e9 et de la s\u00e9curit\u00e9 des donn\u00e9es.\" \/>\n<meta property=\"og:url\" content=\"https:\/\/vikingcloudprotect.com\/fr\/\" \/>\n<meta property=\"og:site_name\" content=\"VikingCloud Protect\" \/>\n<meta property=\"article:modified_time\" content=\"2023-10-05T18:02:09+00:00\" \/>\n<meta name=\"twitter:card\" content=\"summary_large_image\" \/>\n<script type=\"application\/ld+json\" class=\"yoast-schema-graph\">{\"@context\":\"https:\/\/schema.org\",\"@graph\":[{\"@type\":\"WebPage\",\"@id\":\"https:\/\/vikingcloudprotect.com\/fr\/\",\"url\":\"https:\/\/vikingcloudprotect.com\/fr\/\",\"name\":\"VikingCloud Protect | Prot\u00e9gez Votre Entreprise\",\"isPartOf\":{\"@id\":\"https:\/\/vikingcloudprotect.com\/#website\"},\"datePublished\":\"2020-08-04T12:10:17+00:00\",\"dateModified\":\"2023-10-05T18:02:09+00:00\",\"description\":\"VikingCloud Protect est une application de r\u00e9f\u00e9rence pour la gestion de la conformit\u00e9 et de la s\u00e9curit\u00e9 des donn\u00e9es.\",\"inLanguage\":\"fr-FR\",\"potentialAction\":[{\"@type\":\"ReadAction\",\"target\":[\"https:\/\/vikingcloudprotect.com\/fr\/\"]}]},{\"@type\":\"WebSite\",\"@id\":\"https:\/\/vikingcloudprotect.com\/#website\",\"url\":\"https:\/\/vikingcloudprotect.com\/\",\"name\":\"VikingCloud Protect\",\"description\":\"Keep Your Business Protected\",\"publisher\":{\"@id\":\"https:\/\/vikingcloudprotect.com\/#organization\"},\"potentialAction\":[{\"@type\":\"SearchAction\",\"target\":{\"@type\":\"EntryPoint\",\"urlTemplate\":\"https:\/\/vikingcloudprotect.com\/?s={search_term_string}\"},\"query-input\":{\"@type\":\"PropertyValueSpecification\",\"valueRequired\":true,\"valueName\":\"search_term_string\"}}],\"inLanguage\":\"fr-FR\"},{\"@type\":\"Organization\",\"@id\":\"https:\/\/vikingcloudprotect.com\/#organization\",\"name\":\"VikingCloud Protect\",\"url\":\"https:\/\/vikingcloudprotect.com\/\",\"logo\":{\"@type\":\"ImageObject\",\"inLanguage\":\"fr-FR\",\"@id\":\"https:\/\/vikingcloudprotect.com\/#\/schema\/logo\/image\/\",\"url\":\"https:\/\/vikingcloudprotect.com\/wp-content\/uploads\/2023\/10\/VikingCloud-Full-Logo-Stacked-400.png\",\"contentUrl\":\"https:\/\/vikingcloudprotect.com\/wp-content\/uploads\/2023\/10\/VikingCloud-Full-Logo-Stacked-400.png\",\"width\":400,\"height\":113,\"caption\":\"VikingCloud Protect\"},\"image\":{\"@id\":\"https:\/\/vikingcloudprotect.com\/#\/schema\/logo\/image\/\"}}]}<\/script>\n<!-- \/ Yoast SEO plugin. -->","yoast_head_json":{"title":"VikingCloud Protect | Prot\u00e9gez Votre Entreprise","description":"VikingCloud Protect est une application de r\u00e9f\u00e9rence pour la gestion de la conformit\u00e9 et de la s\u00e9curit\u00e9 des donn\u00e9es.","robots":{"index":"index","follow":"follow","max-snippet":"max-snippet:-1","max-image-preview":"max-image-preview:large","max-video-preview":"max-video-preview:-1"},"canonical":"https:\/\/vikingcloudprotect.com\/fr\/","og_locale":"fr_FR","og_type":"article","og_title":"VikingCloud Protect | Prot\u00e9gez Votre Entreprise","og_description":"VikingCloud Protect est une application de r\u00e9f\u00e9rence pour la gestion de la conformit\u00e9 et de la s\u00e9curit\u00e9 des donn\u00e9es.","og_url":"https:\/\/vikingcloudprotect.com\/fr\/","og_site_name":"VikingCloud Protect","article_modified_time":"2023-10-05T18:02:09+00:00","twitter_card":"summary_large_image","schema":{"@context":"https:\/\/schema.org","@graph":[{"@type":"WebPage","@id":"https:\/\/vikingcloudprotect.com\/fr\/","url":"https:\/\/vikingcloudprotect.com\/fr\/","name":"VikingCloud Protect | Prot\u00e9gez Votre Entreprise","isPartOf":{"@id":"https:\/\/vikingcloudprotect.com\/#website"},"datePublished":"2020-08-04T12:10:17+00:00","dateModified":"2023-10-05T18:02:09+00:00","description":"VikingCloud Protect est une application de r\u00e9f\u00e9rence pour la gestion de la conformit\u00e9 et de la s\u00e9curit\u00e9 des donn\u00e9es.","inLanguage":"fr-FR","potentialAction":[{"@type":"ReadAction","target":["https:\/\/vikingcloudprotect.com\/fr\/"]}]},{"@type":"WebSite","@id":"https:\/\/vikingcloudprotect.com\/#website","url":"https:\/\/vikingcloudprotect.com\/","name":"VikingCloud Protect","description":"Keep Your Business Protected","publisher":{"@id":"https:\/\/vikingcloudprotect.com\/#organization"},"potentialAction":[{"@type":"SearchAction","target":{"@type":"EntryPoint","urlTemplate":"https:\/\/vikingcloudprotect.com\/?s={search_term_string}"},"query-input":{"@type":"PropertyValueSpecification","valueRequired":true,"valueName":"search_term_string"}}],"inLanguage":"fr-FR"},{"@type":"Organization","@id":"https:\/\/vikingcloudprotect.com\/#organization","name":"VikingCloud Protect","url":"https:\/\/vikingcloudprotect.com\/","logo":{"@type":"ImageObject","inLanguage":"fr-FR","@id":"https:\/\/vikingcloudprotect.com\/#\/schema\/logo\/image\/","url":"https:\/\/vikingcloudprotect.com\/wp-content\/uploads\/2023\/10\/VikingCloud-Full-Logo-Stacked-400.png","contentUrl":"https:\/\/vikingcloudprotect.com\/wp-content\/uploads\/2023\/10\/VikingCloud-Full-Logo-Stacked-400.png","width":400,"height":113,"caption":"VikingCloud Protect"},"image":{"@id":"https:\/\/vikingcloudprotect.com\/#\/schema\/logo\/image\/"}}]}},"_links":{"self":[{"href":"https:\/\/vikingcloudprotect.com\/fr\/wp-json\/wp\/v2\/pages\/3426","targetHints":{"allow":["GET"]}}],"collection":[{"href":"https:\/\/vikingcloudprotect.com\/fr\/wp-json\/wp\/v2\/pages"}],"about":[{"href":"https:\/\/vikingcloudprotect.com\/fr\/wp-json\/wp\/v2\/types\/page"}],"author":[{"embeddable":true,"href":"https:\/\/vikingcloudprotect.com\/fr\/wp-json\/wp\/v2\/users\/2"}],"replies":[{"embeddable":true,"href":"https:\/\/vikingcloudprotect.com\/fr\/wp-json\/wp\/v2\/comments?post=3426"}],"version-history":[{"count":12,"href":"https:\/\/vikingcloudprotect.com\/fr\/wp-json\/wp\/v2\/pages\/3426\/revisions"}],"predecessor-version":[{"id":5177,"href":"https:\/\/vikingcloudprotect.com\/fr\/wp-json\/wp\/v2\/pages\/3426\/revisions\/5177"}],"wp:attachment":[{"href":"https:\/\/vikingcloudprotect.com\/fr\/wp-json\/wp\/v2\/media?parent=3426"}],"curies":[{"name":"wp","href":"https:\/\/api.w.org\/{rel}","templated":true}]}}